{"id":264,"date":"2021-02-15T12:08:41","date_gmt":"2021-02-15T11:08:41","guid":{"rendered":"https:\/\/equalsoft.ch\/?page_id=264"},"modified":"2021-02-15T15:07:57","modified_gmt":"2021-02-15T14:07:57","slug":"ferag-konverter","status":"publish","type":"page","link":"https:\/\/equalsoft.ch\/index.php\/equal\/ferag-konverter\/","title":{"rendered":"FERAG Konverter"},"content":{"rendered":"<div id=\"pl-264\"  class=\"panel-layout\" ><div id=\"pg-264-0\"  class=\"panel-grid panel-no-style\" ><div id=\"pgc-264-0-0\"  class=\"panel-grid-cell\" ><div id=\"panel-264-0-0-0\" class=\"so-panel widget widget_text panel-first-child panel-last-child\" data-index=\"0\" ><h3 class=\"widget-title\">FERAG Konverter<\/h3>\t\t\t<div class=\"textwidget\"><p>Mit dem FERAG Konverter von EQUAL Software AG k\u00f6nnen Sie Ihre FERAG Daten in k\u00fcrzester Zeit in das gew\u00fcnschte M\u00fcller Martini Datenformat konvertieren.<\/p>\n<p>Der FERAG Konverter wird als Dienst auf einem Windows System installiert. Dieser Dienst kann so konfiguriert werden, dass alle TSL-Dateien (FERAG String) welche in dem definierten Eingangs-Verzeichnis auftauchen umgehend konvertiert werden. Die konvertierten MM Dateien werden in dem Ausgangs-Verzeichnis abgelegt.<\/p>\n<p>Die Benutzeroberfl\u00e4che (GUI) des FERAG Konverters erlaubt dem Benutzer die verschiedene Optionen zu konfigurieren und den FERAG Konverter f\u00fcr die eigene Umgebung anzupassen. Selbstverst\u00e4ndlich kann eine TSL Datei auch direkt \u00fcber das GUI konvertiert werden.<\/p>\n<p>Der FERAG Konverter unterst\u00fctzt alle Datenformate von M\u00fcller Martini, so dass Ihre Produktionslinien die Daten mit dem korrekten Format erhalten.<\/p>\n<\/div>\n\t\t<\/div><\/div><div id=\"pgc-264-0-1\"  class=\"panel-grid-cell\" ><div id=\"panel-264-0-1-0\" class=\"so-panel widget widget_sow-image panel-first-child panel-last-child\" data-index=\"1\" ><div\n\t\t\t\n\t\t\tclass=\"so-widget-sow-image so-widget-sow-image-default-8b5b6f678277-264\"\n\t\t\t\n\t\t>\n<div class=\"sow-image-container\">\n\t\t<img \n\tsrc=\"https:\/\/equalsoft.ch\/wp-content\/uploads\/2021\/02\/Konzept.png\" width=\"816\" height=\"645\" srcset=\"https:\/\/equalsoft.ch\/wp-content\/uploads\/2021\/02\/Konzept.png 816w, https:\/\/equalsoft.ch\/wp-content\/uploads\/2021\/02\/Konzept-300x237.png 300w, https:\/\/equalsoft.ch\/wp-content\/uploads\/2021\/02\/Konzept-768x607.png 768w\" sizes=\"(max-width: 816px) 100vw, 816px\" alt=\"\" \t\tclass=\"so-widget-image\"\/>\n\t<\/div>\n\n<\/div><\/div><\/div><\/div><\/div>","protected":false},"excerpt":{"rendered":"<p>Mit dem FERAG Konverter von EQUAL Software AG k\u00f6nnen Sie Ihre FERAG Daten in k\u00fcrzester Zeit in das gew\u00fcnschte M\u00fcller Martini Datenformat konvertieren. Der FERAG Konverter wird als Dienst auf einem Windows System installiert. Dieser Dienst kann so konfiguriert werden, dass alle TSL-Dateien (FERAG String) welche in dem definierten Eingangs-Verzeichnis auftauchen umgehend konvertiert werden. Die [&hellip;]<\/p>\n","protected":false},"author":2,"featured_media":0,"parent":2,"menu_order":0,"comment_status":"closed","ping_status":"closed","template":"template-1c.php","meta":{"footnotes":""},"_links":{"self":[{"href":"https:\/\/equalsoft.ch\/index.php\/wp-json\/wp\/v2\/pages\/264"}],"collection":[{"href":"https:\/\/equalsoft.ch\/index.php\/wp-json\/wp\/v2\/pages"}],"about":[{"href":"https:\/\/equalsoft.ch\/index.php\/wp-json\/wp\/v2\/types\/page"}],"author":[{"embeddable":true,"href":"https:\/\/equalsoft.ch\/index.php\/wp-json\/wp\/v2\/users\/2"}],"replies":[{"embeddable":true,"href":"https:\/\/equalsoft.ch\/index.php\/wp-json\/wp\/v2\/comments?post=264"}],"version-history":[{"count":12,"href":"https:\/\/equalsoft.ch\/index.php\/wp-json\/wp\/v2\/pages\/264\/revisions"}],"predecessor-version":[{"id":278,"href":"https:\/\/equalsoft.ch\/index.php\/wp-json\/wp\/v2\/pages\/264\/revisions\/278"}],"up":[{"embeddable":true,"href":"https:\/\/equalsoft.ch\/index.php\/wp-json\/wp\/v2\/pages\/2"}],"wp:attachment":[{"href":"https:\/\/equalsoft.ch\/index.php\/wp-json\/wp\/v2\/media?parent=264"}],"curies":[{"name":"wp","href":"https:\/\/api.w.org\/{rel}","templated":true}]}}